{"id":574,"date":"2022-05-29T19:44:21","date_gmt":"2022-05-29T19:44:21","guid":{"rendered":"https:\/\/wincaleiras.pt\/home-2\/"},"modified":"2022-06-13T20:05:41","modified_gmt":"2022-06-13T20:05:41","slug":"inicio","status":"publish","type":"page","link":"https:\/\/wincaleiras.pt\/","title":{"rendered":"In\u00edcio"},"content":{"rendered":"<div class=\"n2-section-smartslider fitvidsignore  n2_clear\" data-ssid=\"2\"><div id=\"n2-ss-2-align\" class=\"n2-ss-align\"><div class=\"n2-padding\"><div id=\"n2-ss-2\" data-creator=\"Smart Slider 3\" data-responsive=\"auto\" class=\"n2-ss-slider n2-ow n2-has-hover n2notransition  \">\n\n\n\n<div class=\"n2-ss-slider-wrapper-outside\" style=\"grid-template-rows:1fr auto\"><div class=\"n2-ss-slider-wrapper-inside\">\n        <div class=\"n2-ss-slider-1 n2_ss__touch_element n2-ow\">\n            <div class=\"n2-ss-slider-2 n2-ow\">\n                                                <div class=\"n2-ss-slider-3 n2-ow\">\n\n                    <div class=\"n2-ss-slide-backgrounds n2-ow-all\"><div class=\"n2-ss-slide-background\" data-public-id=\"1\" data-mode=\"fill\"><div class=\"n2-ss-slide-background-image\" data-blur=\"0\" data-opacity=\"100\" data-x=\"43\" data-y=\"29\" data-alt=\"\" data-title=\"\" style=\"--ss-o-pos-x:43%;--ss-o-pos-y:29%\"><picture class=\"skip-lazy\" data-skip-lazy=\"1\"><img decoding=\"async\" src=\"\/\/wincaleiras.pt\/wp-content\/uploads\/2022\/05\/Caleiras-3.jpg\" alt=\"\" title=\"\" loading=\"lazy\" class=\"skip-lazy\" data-skip-lazy=\"1\"><\/picture><\/div><div data-color=\"RGBA(255,255,255,0)\" style=\"background-color: RGBA(255,255,255,0);\" class=\"n2-ss-slide-background-color\"><\/div><\/div><div class=\"n2-ss-slide-background\" data-public-id=\"2\" data-mode=\"fill\" aria-hidden=\"true\"><div class=\"n2-ss-slide-background-image\" data-blur=\"0\" data-opacity=\"100\" data-x=\"50\" data-y=\"50\" data-alt=\"\" data-title=\"\"><picture class=\"skip-lazy\" data-skip-lazy=\"1\"><img decoding=\"async\" src=\"\/\/wincaleiras.pt\/wp-content\/uploads\/slider2\/coste-limpieza-canalones.jpeg\" alt=\"\" title=\"\" loading=\"lazy\" class=\"skip-lazy\" data-skip-lazy=\"1\"><\/picture><\/div><div data-color=\"RGBA(255,255,255,0)\" style=\"background-color: RGBA(255,255,255,0);\" class=\"n2-ss-slide-background-color\"><\/div><\/div><\/div>                    <div class=\"n2-ss-slider-4 n2-ow\">\n                        <svg xmlns=\"http:\/\/www.w3.org\/2000\/svg\" viewBox=\"0 0 1200 600\" data-related-device=\"desktopPortrait\" class=\"n2-ow n2-ss-preserve-size n2-ss-preserve-size--slider n2-ss-slide-limiter\"><\/svg><div data-first=\"1\" data-slide-duration=\"0\" data-id=\"85\" data-slide-public-id=\"1\" data-title=\"Caleiras (3)\" class=\"n2-ss-slide n2-ow  n2-ss-slide-85\"><div role=\"note\" class=\"n2-ss-slide--focus\" tabindex=\"-1\">Caleiras (3)<\/div><div class=\"n2-ss-layers-container n2-ss-slide-limiter n2-ow\"><div class=\"n2-ss-layer n2-ow n-uc-c1mMY4uS7fIx\" data-sstype=\"slide\" data-pm=\"default\"><\/div><\/div><\/div><div data-slide-duration=\"0\" data-id=\"3\" data-slide-public-id=\"2\" aria-hidden=\"true\" class=\"n2-ss-slide n2-ow  n2-ss-slide-3\"><div role=\"note\" class=\"n2-ss-slide--focus\" tabindex=\"-1\"><\/div><div class=\"n2-ss-layers-container n2-ss-slide-limiter n2-ow\"><div class=\"n2-ss-layer n2-ow n-uc-sAHdL0vxI0OJ\" data-sstype=\"slide\" data-pm=\"default\"><\/div><\/div><\/div>                    <\/div>\n\n                                    <\/div>\n            <\/div>\n        <\/div>\n        <div class=\"n2-ss-slider-controls n2-ss-slider-controls-absolute-left-center\"><div style=\"--widget-offset:15px;\" class=\"n2-ss-widget n2-style-107cb0e4b96e295f0c4852cfc0854d07-heading nextend-arrow n2-ow-all nextend-arrow-previous  nextend-arrow-animated-fade\" data-hide-mobileportrait=\"1\" id=\"n2-ss-2-arrow-previous\" role=\"button\" aria-label=\"previous arrow\" tabindex=\"0\"><img loading=\"lazy\" decoding=\"async\" width=\"32\" height=\"32\" class=\"skip-lazy\" data-skip-lazy=\"1\" src=\"data:image\/svg+xml;base64,PHN2ZyB4bWxucz0iaHR0cDovL3d3dy53My5vcmcvMjAwMC9zdmciIHdpZHRoPSIzMiIgaGVpZ2h0PSIzMiIgdmlld0JveD0iMCAwIDMyIDMyIj4KICAgIDxwYXRoIGZpbGw9IiNmZmZmZmYiIG9wYWNpdHk9IjAuOCIgZmlsbC1ydWxlPSJldmVub2RkIgogICAgICAgICAgZD0iTTE4Ljk5NTggOC45OTA3YzAtLjQyNC0uMjA0LS43MjMtLjYxLS44OTgtLjQwOS0uMTczLS43NzItLjEwNC0xLjA5My4yMDlsLTcuMDA2IDYuOTc1Yy0uMjAxLjE5OS0uMjk3LjQzNy0uMjg2LjcxNiAwIC4yNjcuMDk2LjQ5OC4yODYuNjg5bDcuMDA2IDcuMDAxYy4zMjEuMzIxLjY4NC4zODkgMS4wOTMuMjA5LjQwNi0uMTc0LjYxLS40ODIuNjEtLjkyMlY4Ljk5MDd6Ii8+Cjwvc3ZnPg==\" alt=\"previous arrow\"><\/div><\/div><div class=\"n2-ss-slider-controls n2-ss-slider-controls-absolute-right-center\"><div style=\"--widget-offset:15px;\" class=\"n2-ss-widget n2-style-107cb0e4b96e295f0c4852cfc0854d07-heading nextend-arrow n2-ow-all nextend-arrow-next  nextend-arrow-animated-fade\" data-hide-mobileportrait=\"1\" id=\"n2-ss-2-arrow-next\" role=\"button\" aria-label=\"next arrow\" tabindex=\"0\"><img loading=\"lazy\" decoding=\"async\" width=\"32\" height=\"32\" class=\"skip-lazy\" data-skip-lazy=\"1\" src=\"data:image\/svg+xml;base64,PHN2ZyB3aWR0aD0iMzIiIGhlaWdodD0iMzIiIHZpZXdCb3g9IjAgMCAzMiAzMiIgeG1sbnM9Imh0dHA6Ly93d3cudzMub3JnLzIwMDAvc3ZnIj4KICAgIDxwYXRoIGQ9Ik0xMiA4Ljk5YzAtLjQyMy4yMDQtLjcyMi42MS0uODk3LjQwOC0uMTczLjc3Mi0uMTA0IDEuMDkyLjIxbDcuMDA2IDYuOTc0Yy4yMDIuMi4yOTguNDM3LjI4Ny43MTYgMCAuMjY3LS4wOTYuNDk4LS4yODcuNjlsLTcuMDA2IDdjLS4zMi4zMi0uNjg0LjM5LTEuMDkyLjIxLS40MDYtLjE3NS0uNjEtLjQ4My0uNjEtLjkyM1Y4Ljk5eiIKICAgICAgICAgIGZpbGw9IiNmZmZmZmYiIG9wYWNpdHk9IjAuOCIgZmlsbC1ydWxlPSJldmVub2RkIi8+Cjwvc3ZnPg==\" alt=\"next arrow\"><\/div><\/div><\/div><div class=\"n2-ss-slider-controls n2-ss-slider-controls-below\"><div class=\"n2-ss-widget nextend-shadow n2-ow-all\" data-hide-mobileportrait=\"1\"><img decoding=\"async\" width=\"1120\" height=\"50\" style=\"display: block; width:100%;max-width:none;\" class=\"nextend-shadow-image skip-lazy\" loading=\"lazy\" data-skip-lazy=\"1\" src=\"https:\/\/wincaleiras.pt\/wp-content\/plugins\/smart-slider-3\/Public\/SmartSlider3\/Widget\/Shadow\/ShadowImage\/Assets\/shadow\/float.png\" alt=\"Shadow\"><\/div><\/div><\/div><\/div><ss3-loader><\/ss3-loader><\/div><\/div><div class=\"n2_clear\"><\/div><\/div>\n\n\n<h1 class=\"has-text-align-center wp-block-heading\">Porque deve ter caleiras na sua casa?<\/h1>\n\n\n\n<p>As caleiras ou algerozes s\u00e3o condutas de escoamento para as \u00e1guas do telhado, com a finalidade de evitar os inconvenientes da chuva. Reduzem a humidade dentro de casa, evitam a sujidade das fachadas, entre outras vantagens.<\/p>\n\n\n\n<p>Enquadradas corretamente, proporcionam beleza, est\u00e9tica e conforto. \u00c9 esse o nosso compromisso, em conjunto com os nossos clientes procuramos a melhor solu\u00e7\u00e3o est\u00e9tica e funcional para a execu\u00e7\u00e3o do servi\u00e7o sem nunca esquecer as boas normas de constru\u00e7\u00e3o.<\/p>\n\n\n\n<div class=\"wp-block-columns is-layout-flex wp-container-core-columns-is-layout-9d6595d7 wp-block-columns-is-layout-flex\">\n<div class=\"wp-block-column is-layout-flow wp-block-column-is-layout-flow\">\n<figure class=\"wp-block-gallery aligncenter has-nested-images columns-default is-cropped wp-block-gallery-1 is-layout-flex wp-block-gallery-is-layout-flex\">\n<figure class=\"wp-block-image size-large is-style-default\"><img loading=\"lazy\" decoding=\"async\" width=\"384\" height=\"512\" data-id=\"653\" src=\"https:\/\/wincaleiras.pt\/wp-content\/uploads\/slider6\/Caleiras6-384x512.jpeg\" alt=\"\" class=\"wp-image-653\" srcset=\"https:\/\/wincaleiras.pt\/wp-content\/uploads\/slider6\/Caleiras6-384x512.jpeg 384w, https:\/\/wincaleiras.pt\/wp-content\/uploads\/slider6\/Caleiras6-192x256.jpeg 192w, https:\/\/wincaleiras.pt\/wp-content\/uploads\/slider6\/Caleiras6-768x1024.jpeg 768w, https:\/\/wincaleiras.pt\/wp-content\/uploads\/slider6\/Caleiras6-1152x1536.jpeg 1152w, https:\/\/wincaleiras.pt\/wp-content\/uploads\/slider6\/Caleiras6.jpeg 1500w\" sizes=\"auto, (max-width: 384px) 100vw, 384px\" \/><\/figure>\n\n\n\n<figure class=\"wp-block-image size-large\"><img loading=\"lazy\" decoding=\"async\" width=\"384\" height=\"512\" data-id=\"664\" src=\"https:\/\/wincaleiras.pt\/wp-content\/uploads\/slider6\/Caleiras13-384x512.jpeg\" alt=\"\" class=\"wp-image-664\" srcset=\"https:\/\/wincaleiras.pt\/wp-content\/uploads\/slider6\/Caleiras13-384x512.jpeg 384w, https:\/\/wincaleiras.pt\/wp-content\/uploads\/slider6\/Caleiras13-192x256.jpeg 192w, https:\/\/wincaleiras.pt\/wp-content\/uploads\/slider6\/Caleiras13-768x1024.jpeg 768w, https:\/\/wincaleiras.pt\/wp-content\/uploads\/slider6\/Caleiras13-1152x1536.jpeg 1152w, https:\/\/wincaleiras.pt\/wp-content\/uploads\/slider6\/Caleiras13.jpeg 1500w\" sizes=\"auto, (max-width: 384px) 100vw, 384px\" \/><\/figure>\n\n\n\n<figure class=\"wp-block-image size-large\"><img loading=\"lazy\" decoding=\"async\" width=\"384\" height=\"512\" data-id=\"667\" src=\"https:\/\/wincaleiras.pt\/wp-content\/uploads\/slider6\/Caleiras15-384x512.jpeg\" alt=\"\" class=\"wp-image-667\" srcset=\"https:\/\/wincaleiras.pt\/wp-content\/uploads\/slider6\/Caleiras15-384x512.jpeg 384w, https:\/\/wincaleiras.pt\/wp-content\/uploads\/slider6\/Caleiras15-192x256.jpeg 192w, https:\/\/wincaleiras.pt\/wp-content\/uploads\/slider6\/Caleiras15-768x1024.jpeg 768w, https:\/\/wincaleiras.pt\/wp-content\/uploads\/slider6\/Caleiras15-1152x1536.jpeg 1152w, https:\/\/wincaleiras.pt\/wp-content\/uploads\/slider6\/Caleiras15.jpeg 1500w\" sizes=\"auto, (max-width: 384px) 100vw, 384px\" \/><\/figure>\n<\/figure>\n<\/div>\n<\/div>\n\n\n\n<h1 class=\"has-text-align-center wp-block-heading\">Porqu\u00ea escolher a Wincaleiras?<\/h1>\n\n\n\n<p>Temos ao seu dispor uma equipa jovem e din\u00e2mica, com forma\u00e7\u00e3o profissional e com experi\u00eancia comprovada no fabrico e montagem de caleiras para beirados. Zelamos pela m\u00e1xima perfei\u00e7\u00e3o e qualidade. Somos uma equipa jovem, mas com uma vasta experi\u00eancia em montagem de caleiras.<\/p>\n\n\n\n<h2 class=\"has-text-align-center wp-block-heading\">Os nossos valores<\/h2>\n\n\n\n<div class=\"wp-block-group\"><div class=\"wp-block-group__inner-container is-layout-flow wp-block-group-is-layout-flow\">\n<div class=\"wp-block-columns is-layout-flex wp-container-core-columns-is-layout-9d6595d7 wp-block-columns-is-layout-flex\">\n<div class=\"wp-block-column is-layout-flow wp-block-column-is-layout-flow\">\n<div class=\"wp-block-media-text alignwide is-stacked-on-mobile\" style=\"grid-template-columns:33% auto\"><figure class=\"wp-block-media-text__media\"><img loading=\"lazy\" decoding=\"async\" width=\"512\" height=\"512\" src=\"https:\/\/wincaleiras.pt\/wp-content\/uploads\/2022\/05\/Seguranca-1-512x512.png\" alt=\"\" class=\"wp-image-641 size-thumbnail\" srcset=\"https:\/\/wincaleiras.pt\/wp-content\/uploads\/2022\/05\/Seguranca-1-512x512.png 512w, https:\/\/wincaleiras.pt\/wp-content\/uploads\/2022\/05\/Seguranca-1-256x256.png 256w, https:\/\/wincaleiras.pt\/wp-content\/uploads\/2022\/05\/Seguranca-1-128x128.png 128w, https:\/\/wincaleiras.pt\/wp-content\/uploads\/2022\/05\/Seguranca-1-768x768.png 768w, https:\/\/wincaleiras.pt\/wp-content\/uploads\/2022\/05\/Seguranca-1.png 865w\" sizes=\"auto, (max-width: 512px) 100vw, 512px\" \/><\/figure><div class=\"wp-block-media-text__content\">\n<p class=\"has-medium-font-size\">Seguran\u00e7a<\/p>\n\n\n\n<p class=\"has-small-font-size\">Todas as nossas obras cumprem rigorosas normas de seguran\u00e7a.<\/p>\n<\/div><\/div>\n\n\n\n<div class=\"wp-block-media-text alignwide is-stacked-on-mobile is-vertically-aligned-center\" style=\"grid-template-columns:33% auto\"><figure class=\"wp-block-media-text__media\"><img loading=\"lazy\" decoding=\"async\" width=\"300\" height=\"299\" src=\"https:\/\/wincaleiras.pt\/wp-content\/uploads\/2022\/05\/Rapidez.png\" alt=\"\" class=\"wp-image-544 size-thumbnail\" srcset=\"https:\/\/wincaleiras.pt\/wp-content\/uploads\/2022\/05\/Rapidez.png 300w, https:\/\/wincaleiras.pt\/wp-content\/uploads\/2022\/05\/Rapidez-150x150.png 150w\" sizes=\"auto, (max-width: 300px) 100vw, 300px\" \/><\/figure><div class=\"wp-block-media-text__content\">\n<p class=\"has-medium-font-size\">Rapidez<\/p>\n\n\n\n<p class=\"has-small-font-size\">Comprometemo-nos a efetuar os trabalhos com qualidade no menor tempo poss\u00edvel.<\/p>\n<\/div><\/div>\n<\/div>\n\n\n\n<div class=\"wp-block-column is-layout-flow wp-block-column-is-layout-flow\">\n<div class=\"wp-block-media-text alignwide is-stacked-on-mobile\" style=\"grid-template-columns:33% auto\"><figure class=\"wp-block-media-text__media\"><img loading=\"lazy\" decoding=\"async\" width=\"548\" height=\"548\" src=\"https:\/\/wincaleiras.pt\/wp-content\/uploads\/2022\/05\/Altura-1.png\" alt=\"\" class=\"wp-image-554 size-thumbnail\" srcset=\"https:\/\/wincaleiras.pt\/wp-content\/uploads\/2022\/05\/Altura-1.png 548w, https:\/\/wincaleiras.pt\/wp-content\/uploads\/2022\/05\/Altura-1-300x300.png 300w, https:\/\/wincaleiras.pt\/wp-content\/uploads\/2022\/05\/Altura-1-150x150.png 150w\" sizes=\"auto, (max-width: 548px) 100vw, 548px\" \/><\/figure><div class=\"wp-block-media-text__content\">\n<p class=\"has-medium-font-size\">Trabalhos em altura<\/p>\n\n\n\n<p class=\"has-small-font-size\">Somos especialistas na instala\u00e7\u00e3o de caleiras e tubos de queda em pr\u00e9dios.<\/p>\n<\/div><\/div>\n\n\n\n<div class=\"wp-block-media-text alignwide is-stacked-on-mobile\" style=\"grid-template-columns:33% auto\"><figure class=\"wp-block-media-text__media\"><img loading=\"lazy\" decoding=\"async\" width=\"400\" height=\"323\" src=\"https:\/\/wincaleiras.pt\/wp-content\/uploads\/2022\/05\/GARANTIA.png\" alt=\"\" class=\"wp-image-546 size-thumbnail\" srcset=\"https:\/\/wincaleiras.pt\/wp-content\/uploads\/2022\/05\/GARANTIA.png 400w, https:\/\/wincaleiras.pt\/wp-content\/uploads\/2022\/05\/GARANTIA-300x242.png 300w\" sizes=\"auto, (max-width: 400px) 100vw, 400px\" \/><\/figure><div class=\"wp-block-media-text__content\">\n<p class=\"has-medium-font-size\">Satisfa\u00e7\u00e3o<\/p>\n\n\n\n<p class=\"has-small-font-size\">A nossa principal miss\u00e3o \u00e9 garantir a satisfa\u00e7\u00e3o dos nossos clientes.<\/p>\n<\/div><\/div>\n<\/div>\n<\/div>\n<\/div><\/div>\n","protected":false},"excerpt":{"rendered":"<p>Porque deve ter caleiras na sua casa? As caleiras ou algerozes s\u00e3o condutas de escoamento para as \u00e1guas do telhado, com a finalidade de evitar os inconvenientes da chuva. Reduzem a humidade dentro de casa, evitam a sujidade das fachadas, entre outras vantagens. Enquadradas corretamente, proporcionam beleza, est\u00e9tica e conforto. \u00c9 esse o nosso compromisso, [&hellip;]<\/p>\n","protected":false},"author":1,"featured_media":655,"parent":0,"menu_order":0,"comment_status":"closed","ping_status":"closed","template":"templates\/template-page-full-width.php","meta":{"footnotes":""},"class_list":["post-574","page","type-page","status-publish","has-post-thumbnail","hentry"],"featured_image_src":"https:\/\/wincaleiras.pt\/wp-content\/uploads\/slider6\/Caleiras3.jpeg","yoast_head":"<!-- This site is optimized with the Yoast SEO plugin v27.4 - https:\/\/yoast.com\/product\/yoast-seo-wordpress\/ -->\n<title>In\u00edcio &#060; Wincaleiras<\/title>\n<meta name=\"description\" content=\"P\u00e1gina da empresa Wincaleiras. Contacte-nos para or\u00e7amento ou mais informa\u00e7\u00f5es.\" \/>\n<meta name=\"robots\" content=\"index, follow, max-snippet:-1, max-image-preview:large, max-video-preview:-1\" \/>\n<link rel=\"canonical\" href=\"https:\/\/wincaleiras.pt\/\" \/>\n<meta property=\"og:locale\" content=\"en_US\" \/>\n<meta property=\"og:type\" content=\"article\" \/>\n<meta property=\"og:title\" content=\"In\u00edcio &#060; Wincaleiras\" \/>\n<meta property=\"og:description\" content=\"P\u00e1gina da empresa Wincaleiras. Contacte-nos para or\u00e7amento ou mais informa\u00e7\u00f5es.\" \/>\n<meta property=\"og:url\" content=\"https:\/\/wincaleiras.pt\/\" \/>\n<meta property=\"og:site_name\" content=\"Wincaleiras\" \/>\n<meta property=\"article:modified_time\" content=\"2022-06-13T20:05:41+00:00\" \/>\n<meta property=\"og:image\" content=\"https:\/\/wincaleiras.pt\/wp-content\/uploads\/slider6\/Caleiras3.jpeg\" \/>\n\t<meta property=\"og:image:width\" content=\"1500\" \/>\n\t<meta property=\"og:image:height\" content=\"2000\" \/>\n\t<meta property=\"og:image:type\" content=\"image\/jpeg\" \/>\n<meta name=\"twitter:card\" content=\"summary_large_image\" \/>\n<meta name=\"twitter:label1\" content=\"Est. reading time\" \/>\n\t<meta name=\"twitter:data1\" content=\"3 minutes\" \/>\n<script type=\"application\/ld+json\" class=\"yoast-schema-graph\">{\"@context\":\"https:\\\/\\\/schema.org\",\"@graph\":[{\"@type\":\"WebPage\",\"@id\":\"https:\\\/\\\/wincaleiras.pt\\\/\",\"url\":\"https:\\\/\\\/wincaleiras.pt\\\/\",\"name\":\"In\u00edcio &#060; Wincaleiras\",\"isPartOf\":{\"@id\":\"https:\\\/\\\/wincaleiras.pt\\\/#website\"},\"primaryImageOfPage\":{\"@id\":\"https:\\\/\\\/wincaleiras.pt\\\/#primaryimage\"},\"image\":{\"@id\":\"https:\\\/\\\/wincaleiras.pt\\\/#primaryimage\"},\"thumbnailUrl\":\"https:\\\/\\\/wincaleiras.pt\\\/wp-content\\\/uploads\\\/slider6\\\/Caleiras3.jpeg\",\"datePublished\":\"2022-05-29T19:44:21+00:00\",\"dateModified\":\"2022-06-13T20:05:41+00:00\",\"description\":\"P\u00e1gina da empresa Wincaleiras. Contacte-nos para or\u00e7amento ou mais informa\u00e7\u00f5es.\",\"inLanguage\":\"en-US\",\"potentialAction\":[{\"@type\":\"ReadAction\",\"target\":[\"https:\\\/\\\/wincaleiras.pt\\\/\"]}]},{\"@type\":\"ImageObject\",\"inLanguage\":\"en-US\",\"@id\":\"https:\\\/\\\/wincaleiras.pt\\\/#primaryimage\",\"url\":\"https:\\\/\\\/wincaleiras.pt\\\/wp-content\\\/uploads\\\/slider6\\\/Caleiras3.jpeg\",\"contentUrl\":\"https:\\\/\\\/wincaleiras.pt\\\/wp-content\\\/uploads\\\/slider6\\\/Caleiras3.jpeg\",\"width\":1500,\"height\":2000},{\"@type\":\"WebSite\",\"@id\":\"https:\\\/\\\/wincaleiras.pt\\\/#website\",\"url\":\"https:\\\/\\\/wincaleiras.pt\\\/\",\"name\":\"Wincaleiras\",\"description\":\"Fabrico e montagem de caleiras e rufos\",\"publisher\":{\"@id\":\"https:\\\/\\\/wincaleiras.pt\\\/#organization\"},\"potentialAction\":[{\"@type\":\"SearchAction\",\"target\":{\"@type\":\"EntryPoint\",\"urlTemplate\":\"https:\\\/\\\/wincaleiras.pt\\\/?s={search_term_string}\"},\"query-input\":{\"@type\":\"PropertyValueSpecification\",\"valueRequired\":true,\"valueName\":\"search_term_string\"}}],\"inLanguage\":\"en-US\"},{\"@type\":\"Organization\",\"@id\":\"https:\\\/\\\/wincaleiras.pt\\\/#organization\",\"name\":\"Wincaleiras\",\"url\":\"https:\\\/\\\/wincaleiras.pt\\\/\",\"logo\":{\"@type\":\"ImageObject\",\"inLanguage\":\"en-US\",\"@id\":\"https:\\\/\\\/wincaleiras.pt\\\/#\\\/schema\\\/logo\\\/image\\\/\",\"url\":\"https:\\\/\\\/wincaleiras.pt\\\/wp-content\\\/uploads\\\/2021\\\/11\\\/wincaleiras_sem_fundo.png\",\"contentUrl\":\"https:\\\/\\\/wincaleiras.pt\\\/wp-content\\\/uploads\\\/2021\\\/11\\\/wincaleiras_sem_fundo.png\",\"width\":920,\"height\":320,\"caption\":\"Wincaleiras\"},\"image\":{\"@id\":\"https:\\\/\\\/wincaleiras.pt\\\/#\\\/schema\\\/logo\\\/image\\\/\"}}]}<\/script>\n<!-- \/ Yoast SEO plugin. -->","yoast_head_json":{"title":"In\u00edcio &#060; Wincaleiras","description":"P\u00e1gina da empresa Wincaleiras. Contacte-nos para or\u00e7amento ou mais informa\u00e7\u00f5es.","robots":{"index":"index","follow":"follow","max-snippet":"max-snippet:-1","max-image-preview":"max-image-preview:large","max-video-preview":"max-video-preview:-1"},"canonical":"https:\/\/wincaleiras.pt\/","og_locale":"en_US","og_type":"article","og_title":"In\u00edcio &#060; Wincaleiras","og_description":"P\u00e1gina da empresa Wincaleiras. Contacte-nos para or\u00e7amento ou mais informa\u00e7\u00f5es.","og_url":"https:\/\/wincaleiras.pt\/","og_site_name":"Wincaleiras","article_modified_time":"2022-06-13T20:05:41+00:00","og_image":[{"width":1500,"height":2000,"url":"https:\/\/wincaleiras.pt\/wp-content\/uploads\/slider6\/Caleiras3.jpeg","type":"image\/jpeg"}],"twitter_card":"summary_large_image","twitter_misc":{"Est. reading time":"3 minutes"},"schema":{"@context":"https:\/\/schema.org","@graph":[{"@type":"WebPage","@id":"https:\/\/wincaleiras.pt\/","url":"https:\/\/wincaleiras.pt\/","name":"In\u00edcio &#060; Wincaleiras","isPartOf":{"@id":"https:\/\/wincaleiras.pt\/#website"},"primaryImageOfPage":{"@id":"https:\/\/wincaleiras.pt\/#primaryimage"},"image":{"@id":"https:\/\/wincaleiras.pt\/#primaryimage"},"thumbnailUrl":"https:\/\/wincaleiras.pt\/wp-content\/uploads\/slider6\/Caleiras3.jpeg","datePublished":"2022-05-29T19:44:21+00:00","dateModified":"2022-06-13T20:05:41+00:00","description":"P\u00e1gina da empresa Wincaleiras. Contacte-nos para or\u00e7amento ou mais informa\u00e7\u00f5es.","inLanguage":"en-US","potentialAction":[{"@type":"ReadAction","target":["https:\/\/wincaleiras.pt\/"]}]},{"@type":"ImageObject","inLanguage":"en-US","@id":"https:\/\/wincaleiras.pt\/#primaryimage","url":"https:\/\/wincaleiras.pt\/wp-content\/uploads\/slider6\/Caleiras3.jpeg","contentUrl":"https:\/\/wincaleiras.pt\/wp-content\/uploads\/slider6\/Caleiras3.jpeg","width":1500,"height":2000},{"@type":"WebSite","@id":"https:\/\/wincaleiras.pt\/#website","url":"https:\/\/wincaleiras.pt\/","name":"Wincaleiras","description":"Fabrico e montagem de caleiras e rufos","publisher":{"@id":"https:\/\/wincaleiras.pt\/#organization"},"potentialAction":[{"@type":"SearchAction","target":{"@type":"EntryPoint","urlTemplate":"https:\/\/wincaleiras.pt\/?s={search_term_string}"},"query-input":{"@type":"PropertyValueSpecification","valueRequired":true,"valueName":"search_term_string"}}],"inLanguage":"en-US"},{"@type":"Organization","@id":"https:\/\/wincaleiras.pt\/#organization","name":"Wincaleiras","url":"https:\/\/wincaleiras.pt\/","logo":{"@type":"ImageObject","inLanguage":"en-US","@id":"https:\/\/wincaleiras.pt\/#\/schema\/logo\/image\/","url":"https:\/\/wincaleiras.pt\/wp-content\/uploads\/2021\/11\/wincaleiras_sem_fundo.png","contentUrl":"https:\/\/wincaleiras.pt\/wp-content\/uploads\/2021\/11\/wincaleiras_sem_fundo.png","width":920,"height":320,"caption":"Wincaleiras"},"image":{"@id":"https:\/\/wincaleiras.pt\/#\/schema\/logo\/image\/"}}]}},"_links":{"self":[{"href":"https:\/\/wincaleiras.pt\/index.php?rest_route=\/wp\/v2\/pages\/574","targetHints":{"allow":["GET"]}}],"collection":[{"href":"https:\/\/wincaleiras.pt\/index.php?rest_route=\/wp\/v2\/pages"}],"about":[{"href":"https:\/\/wincaleiras.pt\/index.php?rest_route=\/wp\/v2\/types\/page"}],"author":[{"embeddable":true,"href":"https:\/\/wincaleiras.pt\/index.php?rest_route=\/wp\/v2\/users\/1"}],"replies":[{"embeddable":true,"href":"https:\/\/wincaleiras.pt\/index.php?rest_route=%2Fwp%2Fv2%2Fcomments&post=574"}],"version-history":[{"count":17,"href":"https:\/\/wincaleiras.pt\/index.php?rest_route=\/wp\/v2\/pages\/574\/revisions"}],"predecessor-version":[{"id":733,"href":"https:\/\/wincaleiras.pt\/index.php?rest_route=\/wp\/v2\/pages\/574\/revisions\/733"}],"wp:featuredmedia":[{"embeddable":true,"href":"https:\/\/wincaleiras.pt\/index.php?rest_route=\/wp\/v2\/media\/655"}],"wp:attachment":[{"href":"https:\/\/wincaleiras.pt\/index.php?rest_route=%2Fwp%2Fv2%2Fmedia&parent=574"}],"curies":[{"name":"wp","href":"https:\/\/api.w.org\/{rel}","templated":true}]}}